{"id":3,"date":"2021-11-19T06:36:38","date_gmt":"2021-11-19T06:36:38","guid":{"rendered":"https:\/\/andreasvonderheydt.com\/?page_id=3"},"modified":"2022-03-31T02:20:30","modified_gmt":"2022-03-31T02:20:30","slug":"privacy-policy","status":"publish","type":"page","link":"https:\/\/andreasvonderheydt.com\/de\/privacy-policy\/","title":{"rendered":"Impressum"},"content":{"rendered":"<div data-elementor-type=\"wp-page\" data-elementor-id=\"3\" class=\"elementor elementor-3\">\n\t\t\t\t\t\t<section class=\"elementor-section elementor-top-section elementor-element elementor-element-ebe38fe elementor-section-boxed elementor-section-height-default elementor-section-height-default\" data-id=\"ebe38fe\" data-element_type=\"section\" data-e-type=\"section\" id=\"privacy-terms\">\n\t\t\t\t\t\t<div class=\"elementor-container elementor-column-gap-default\">\n\t\t\t\t\t<div class=\"elementor-column elementor-col-100 elementor-top-column elementor-element elementor-element-1147b875\" data-id=\"1147b875\" data-element_type=\"column\" data-e-type=\"column\">\n\t\t\t<div class=\"elementor-widget-wrap elementor-element-populated\">\n\t\t\t\t\t\t<div class=\"elementor-element elementor-element-95a4e4a elementor-widget elementor-widget-heading\" data-id=\"95a4e4a\" data-element_type=\"widget\" data-e-type=\"widget\" data-widget_type=\"heading.default\">\n\t\t\t\t<div class=\"elementor-widget-container\">\n\t\t\t\t\t<h1 class=\"elementor-heading-title elementor-size-default\">Impressum<\/h1>\t\t\t\t<\/div>\n\t\t\t\t<\/div>\n\t\t\t\t<div class=\"elementor-element elementor-element-299a141a elementor-widget elementor-widget-text-editor\" data-id=\"299a141a\" data-element_type=\"widget\" data-e-type=\"widget\" id=\"privacy-pol\" data-widget_type=\"text-editor.default\">\n\t\t\t\t<div class=\"elementor-widget-container\">\n\t\t\t\t\t\t\t\t\t<p><strong>Inhaltlich verantwortlich f\u00fcr diese Website gem\u00e4\u00df \u00a75 TMG:<\/strong><\/p><p>\u00a0<\/p><p>Andreas von der Heydt Coaching &amp; Consulting<\/p><p>Kirschgartenstrasse 12<\/p><p>D-34537 Bad Wildungen<\/p><p>Germany<\/p><p>\u00a0<\/p><p>USt-IdNr. <span data-story-id=\"story_22106ae21f432d5731c8343a9e414382\" data-room-id=\"room_5bd0fb975bddec7e4a7228799104c86d\" data-timestamp=\"1648659182383\" data-text=\"DE350918597\" data-userid=\"424199343943565312\" data-orgid=\"425239307188768768\">DE350918597<\/span><\/p><p>\u00a0<\/p><p><strong>Kontakt:<\/strong><\/p><p>Telefon: 0049-172-89 44 619<\/p><p>andreas(at)andreasvonderheydt.com<\/p><p>\u00a0<\/p><p><strong>Verantwortlich f\u00fcr den Inhalt nach \u00a7 55 Abs. 2 RStV:<\/strong><\/p><p>Andreas von der Heydt<\/p><p>Quellenangabe Bilder: Fotos aus Eigenproduktion<\/p><p>\u00a0<\/p><p><strong>Haftungsausschluss und Urheberrecht:<\/strong><\/p><p>Ich bem\u00fche mich, die Inhalte auf dieser Website aktuell zu halten. Dennoch \u00fcbernehme ich keinerlei Gew\u00e4hr f\u00fcr die Aktualit\u00e4t, Korrektheit, Vollst\u00e4ndigkeit oder Qualit\u00e4t der bereitgestellten Informationen.\n\nDie durch mich erstellten Inhalte und Werke auf dieser Website unterliegen dem deutschen Urheberrecht. Die Vervielf\u00e4ltigung, Bearbeitung, Verbreitung und jede Art der Verwertung au\u00dferhalb der Grenzen des Urheberrechts bed\u00fcrfen meiner ausdr\u00fccklichen schriftlichen Zustimmung.<\/p><p>\u00a0<\/p><p>This website contains links to third-party websites (so-called \u201cexternal links\u201d), the content of which I have no influence on. The respective provider or operator of the pages is always responsible for the content of the linked pages. Therefore, I cannot accept any liability for this external content and its correctness. At the time of linking, no illegal content was discernible. As soon as I become aware of legal violations, I will remove such links immediately.<\/p><p>\u00a0<\/p><p>Hinweise zum Datenschutz entnehmen Sie bitte der\u00a0<a href=\"https:\/\/andreasvonderheydt.com\/de\/terms\/\">Datenschutzerkl\u00e4rung<\/a>.<\/p>\t\t\t\t\t\t\t\t<\/div>\n\t\t\t\t<\/div>\n\t\t\t\t\t<\/div>\n\t\t<\/div>\n\t\t\t\t\t<\/div>\n\t\t<\/section>\n\t\t\t\t<\/div>","protected":false},"excerpt":{"rendered":"<p>Impressum (Legal Notice) Responsible for the content of this website according to \u00a75 TMG: \u00a0 Andreas von der Heydt Coaching &amp; Consulting Kirschgartenstrasse 12 34537 Bad Wildungen Germany \u00a0 VAT ID no.: DE350918597 \u00a0 Contact: Telephone: 0049-172-89 44 619 andreas(at)andreasvonderheydt.com \u00a0 Responsible for the content according to \u00a7 55 Abs. 2 RStV: Andreas von der [&hellip;]<\/p>\n","protected":false},"author":1,"featured_media":0,"parent":0,"menu_order":0,"comment_status":"closed","ping_status":"closed","template":"","meta":{"site-sidebar-layout":"no-sidebar","site-content-layout":"default","ast-site-content-layout":"","site-content-style":"default","site-sidebar-style":"default","ast-global-header-display":"","ast-banner-title-visibility":"","ast-main-header-display":"","ast-hfb-above-header-display":"","ast-hfb-below-header-display":"","ast-hfb-mobile-header-display":"","site-post-title":"disabled","ast-breadcrumbs-content":"disabled","ast-featured-img":"","footer-sml-layout":"","theme-transparent-header-meta":"default","adv-header-id-meta":"","stick-header-meta":"","header-above-stick-meta":"","header-main-stick-meta":"","header-below-stick-meta":"","astra-migrate-meta-layouts":"default","ast-page-background-enabled":"default","ast-page-background-meta":{"desktop":{"background-color":"var(--ast-global-color-4)","background-image":"","background-repeat":"repeat","background-position":"center center","background-size":"auto","background-attachment":"scroll","background-type":"","background-media":"","overlay-type":"","overlay-color":"","overlay-opacity":"","overlay-gradient":""},"tablet":{"background-color":"","background-image":"","background-repeat":"repeat","background-position":"center center","background-size":"auto","background-attachment":"scroll","background-type":"","background-media":"","overlay-type":"","overlay-color":"","overlay-opacity":"","overlay-gradient":""},"mobile":{"background-color":"","background-image":"","background-repeat":"repeat","background-position":"center center","background-size":"auto","background-attachment":"scroll","background-type":"","background-media":"","overlay-type":"","overlay-color":"","overlay-opacity":"","overlay-gradient":""}},"ast-content-background-meta":{"desktop":{"background-color":"var(--ast-global-color-5)","background-image":"","background-repeat":"repeat","background-position":"center center","background-size":"auto","background-attachment":"scroll","background-type":"","background-media":"","overlay-type":"","overlay-color":"","overlay-opacity":"","overlay-gradient":""},"tablet":{"background-color":"var(--ast-global-color-5)","background-image":"","background-repeat":"repeat","background-position":"center center","background-size":"auto","background-attachment":"scroll","background-type":"","background-media":"","overlay-type":"","overlay-color":"","overlay-opacity":"","overlay-gradient":""},"mobile":{"background-color":"var(--ast-global-color-5)","background-image":"","background-repeat":"repeat","background-position":"center center","background-size":"auto","background-attachment":"scroll","background-type":"","background-media":"","overlay-type":"","overlay-color":"","overlay-opacity":"","overlay-gradient":""}},"footnotes":""},"class_list":["post-3","page","type-page","status-publish","hentry"],"yoast_head":"<!-- This site is optimized with the Yoast SEO plugin v27.4 - https:\/\/yoast.com\/product\/yoast-seo-wordpress\/ -->\n<title>Impressum - Andreas Von Der Heydt<\/title>\n<meta name=\"robots\" content=\"index, follow, max-snippet:-1, max-image-preview:large, max-video-preview:-1\" \/>\n<link rel=\"canonical\" href=\"https:\/\/andreasvonderheydt.com\/de\/privacy-policy\/\" \/>\n<meta property=\"og:locale\" content=\"de_DE\" \/>\n<meta property=\"og:type\" content=\"article\" \/>\n<meta property=\"og:title\" content=\"Impressum - Andreas Von Der Heydt\" \/>\n<meta property=\"og:description\" content=\"Impressum (Legal Notice) Responsible for the content of this website according to \u00a75 TMG: \u00a0 Andreas von der Heydt Coaching &amp; Consulting Kirschgartenstrasse 12 34537 Bad Wildungen Germany \u00a0 VAT ID no.: DE350918597 \u00a0 Contact: Telephone: 0049-172-89 44 619 andreas(at)andreasvonderheydt.com \u00a0 Responsible for the content according to \u00a7 55 Abs. 2 RStV: Andreas von der [&hellip;]\" \/>\n<meta property=\"og:url\" content=\"https:\/\/andreasvonderheydt.com\/de\/privacy-policy\/\" \/>\n<meta property=\"og:site_name\" content=\"Andreas Von Der Heydt\" \/>\n<meta property=\"article:modified_time\" content=\"2022-03-31T02:20:30+00:00\" \/>\n<meta name=\"twitter:card\" content=\"summary_large_image\" \/>\n<meta name=\"twitter:site\" content=\"@avonderheydt\" \/>\n<meta name=\"twitter:label1\" content=\"Est. reading time\" \/>\n\t<meta name=\"twitter:data1\" content=\"1 minute\" \/>\n<script type=\"application\/ld+json\" class=\"yoast-schema-graph\">{\"@context\":\"https:\\\/\\\/schema.org\",\"@graph\":[{\"@type\":\"WebPage\",\"@id\":\"https:\\\/\\\/andreasvonderheydt.com\\\/privacy-policy\\\/\",\"url\":\"https:\\\/\\\/andreasvonderheydt.com\\\/privacy-policy\\\/\",\"name\":\"Impressum - Andreas Von Der Heydt\",\"isPartOf\":{\"@id\":\"https:\\\/\\\/andreasvonderheydt.com\\\/#website\"},\"datePublished\":\"2021-11-19T06:36:38+00:00\",\"dateModified\":\"2022-03-31T02:20:30+00:00\",\"breadcrumb\":{\"@id\":\"https:\\\/\\\/andreasvonderheydt.com\\\/privacy-policy\\\/#breadcrumb\"},\"inLanguage\":\"de-DE\",\"potentialAction\":[{\"@type\":\"ReadAction\",\"target\":[\"https:\\\/\\\/andreasvonderheydt.com\\\/privacy-policy\\\/\"]}]},{\"@type\":\"BreadcrumbList\",\"@id\":\"https:\\\/\\\/andreasvonderheydt.com\\\/privacy-policy\\\/#breadcrumb\",\"itemListElement\":[{\"@type\":\"ListItem\",\"position\":1,\"name\":\"Home\",\"item\":\"https:\\\/\\\/andreasvonderheydt.com\\\/\"},{\"@type\":\"ListItem\",\"position\":2,\"name\":\"Impressum\"}]},{\"@type\":\"WebSite\",\"@id\":\"https:\\\/\\\/andreasvonderheydt.com\\\/#website\",\"url\":\"https:\\\/\\\/andreasvonderheydt.com\\\/\",\"name\":\"Andreas Von Der Heydt\",\"description\":\"Coaching &amp; Consulting\",\"publisher\":{\"@id\":\"https:\\\/\\\/andreasvonderheydt.com\\\/#organization\"},\"potentialAction\":[{\"@type\":\"SearchAction\",\"target\":{\"@type\":\"EntryPoint\",\"urlTemplate\":\"https:\\\/\\\/andreasvonderheydt.com\\\/?s={search_term_string}\"},\"query-input\":{\"@type\":\"PropertyValueSpecification\",\"valueRequired\":true,\"valueName\":\"search_term_string\"}}],\"inLanguage\":\"de-DE\"},{\"@type\":\"Organization\",\"@id\":\"https:\\\/\\\/andreasvonderheydt.com\\\/#organization\",\"name\":\"Andreas Von Der Heydt\",\"url\":\"https:\\\/\\\/andreasvonderheydt.com\\\/\",\"logo\":{\"@type\":\"ImageObject\",\"inLanguage\":\"de-DE\",\"@id\":\"https:\\\/\\\/andreasvonderheydt.com\\\/#\\\/schema\\\/logo\\\/image\\\/\",\"url\":\"https:\\\/\\\/andreasvonderheydt.com\\\/wp-content\\\/uploads\\\/2021\\\/11\\\/andreas-logo-1.png\",\"contentUrl\":\"https:\\\/\\\/andreasvonderheydt.com\\\/wp-content\\\/uploads\\\/2021\\\/11\\\/andreas-logo-1.png\",\"width\":396,\"height\":63,\"caption\":\"Andreas Von Der Heydt\"},\"image\":{\"@id\":\"https:\\\/\\\/andreasvonderheydt.com\\\/#\\\/schema\\\/logo\\\/image\\\/\"},\"sameAs\":[\"https:\\\/\\\/x.com\\\/avonderheydt\",\"https:\\\/\\\/www.linkedin.com\\\/in\\\/andreasvonderheydt\\\/\"]}]}<\/script>\n<!-- \/ Yoast SEO plugin. -->","yoast_head_json":{"title":"Impressum - Andreas Von Der Heydt","robots":{"index":"index","follow":"follow","max-snippet":"max-snippet:-1","max-image-preview":"max-image-preview:large","max-video-preview":"max-video-preview:-1"},"canonical":"https:\/\/andreasvonderheydt.com\/de\/privacy-policy\/","og_locale":"de_DE","og_type":"article","og_title":"Impressum - Andreas Von Der Heydt","og_description":"Impressum (Legal Notice) Responsible for the content of this website according to \u00a75 TMG: \u00a0 Andreas von der Heydt Coaching &amp; Consulting Kirschgartenstrasse 12 34537 Bad Wildungen Germany \u00a0 VAT ID no.: DE350918597 \u00a0 Contact: Telephone: 0049-172-89 44 619 andreas(at)andreasvonderheydt.com \u00a0 Responsible for the content according to \u00a7 55 Abs. 2 RStV: Andreas von der [&hellip;]","og_url":"https:\/\/andreasvonderheydt.com\/de\/privacy-policy\/","og_site_name":"Andreas Von Der Heydt","article_modified_time":"2022-03-31T02:20:30+00:00","twitter_card":"summary_large_image","twitter_site":"@avonderheydt","twitter_misc":{"Est. reading time":"1 minute"},"schema":{"@context":"https:\/\/schema.org","@graph":[{"@type":"WebPage","@id":"https:\/\/andreasvonderheydt.com\/privacy-policy\/","url":"https:\/\/andreasvonderheydt.com\/privacy-policy\/","name":"Impressum - Andreas Von Der Heydt","isPartOf":{"@id":"https:\/\/andreasvonderheydt.com\/#website"},"datePublished":"2021-11-19T06:36:38+00:00","dateModified":"2022-03-31T02:20:30+00:00","breadcrumb":{"@id":"https:\/\/andreasvonderheydt.com\/privacy-policy\/#breadcrumb"},"inLanguage":"de-DE","potentialAction":[{"@type":"ReadAction","target":["https:\/\/andreasvonderheydt.com\/privacy-policy\/"]}]},{"@type":"BreadcrumbList","@id":"https:\/\/andreasvonderheydt.com\/privacy-policy\/#breadcrumb","itemListElement":[{"@type":"ListItem","position":1,"name":"Home","item":"https:\/\/andreasvonderheydt.com\/"},{"@type":"ListItem","position":2,"name":"Impressum"}]},{"@type":"WebSite","@id":"https:\/\/andreasvonderheydt.com\/#website","url":"https:\/\/andreasvonderheydt.com\/","name":"Andreas Von Der Heydt","description":"Coaching &amp; Consulting","publisher":{"@id":"https:\/\/andreasvonderheydt.com\/#organization"},"potentialAction":[{"@type":"SearchAction","target":{"@type":"EntryPoint","urlTemplate":"https:\/\/andreasvonderheydt.com\/?s={search_term_string}"},"query-input":{"@type":"PropertyValueSpecification","valueRequired":true,"valueName":"search_term_string"}}],"inLanguage":"de-DE"},{"@type":"Organization","@id":"https:\/\/andreasvonderheydt.com\/#organization","name":"Andreas Von Der Heydt","url":"https:\/\/andreasvonderheydt.com\/","logo":{"@type":"ImageObject","inLanguage":"de-DE","@id":"https:\/\/andreasvonderheydt.com\/#\/schema\/logo\/image\/","url":"https:\/\/andreasvonderheydt.com\/wp-content\/uploads\/2021\/11\/andreas-logo-1.png","contentUrl":"https:\/\/andreasvonderheydt.com\/wp-content\/uploads\/2021\/11\/andreas-logo-1.png","width":396,"height":63,"caption":"Andreas Von Der Heydt"},"image":{"@id":"https:\/\/andreasvonderheydt.com\/#\/schema\/logo\/image\/"},"sameAs":["https:\/\/x.com\/avonderheydt","https:\/\/www.linkedin.com\/in\/andreasvonderheydt\/"]}]}},"_links":{"self":[{"href":"https:\/\/andreasvonderheydt.com\/de\/wp-json\/wp\/v2\/pages\/3","targetHints":{"allow":["GET"]}}],"collection":[{"href":"https:\/\/andreasvonderheydt.com\/de\/wp-json\/wp\/v2\/pages"}],"about":[{"href":"https:\/\/andreasvonderheydt.com\/de\/wp-json\/wp\/v2\/types\/page"}],"author":[{"embeddable":true,"href":"https:\/\/andreasvonderheydt.com\/de\/wp-json\/wp\/v2\/users\/1"}],"replies":[{"embeddable":true,"href":"https:\/\/andreasvonderheydt.com\/de\/wp-json\/wp\/v2\/comments?post=3"}],"version-history":[{"count":117,"href":"https:\/\/andreasvonderheydt.com\/de\/wp-json\/wp\/v2\/pages\/3\/revisions"}],"predecessor-version":[{"id":2470,"href":"https:\/\/andreasvonderheydt.com\/de\/wp-json\/wp\/v2\/pages\/3\/revisions\/2470"}],"wp:attachment":[{"href":"https:\/\/andreasvonderheydt.com\/de\/wp-json\/wp\/v2\/media?parent=3"}],"curies":[{"name":"wp","href":"https:\/\/api.w.org\/{rel}","templated":true}]}}